{"id":2794,"date":"2023-03-30T17:13:55","date_gmt":"2023-03-30T15:13:55","guid":{"rendered":"https:\/\/www.lesauvage-besancon.fr\/home\/"},"modified":"2023-04-20T11:36:42","modified_gmt":"2023-04-20T09:36:42","slug":"home","status":"publish","type":"page","link":"https:\/\/www.lesauvage-besancon.fr\/en\/","title":{"rendered":"Home"},"content":{"rendered":"<div class=\"fusion-fullwidth fullwidth-box fusion-builder-row-1 fusion-flex-container hundred-percent-fullwidth non-hundred-percent-height-scrolling\" style=\"--awb-border-radius-top-left:0px;--awb-border-radius-top-right:0px;--awb-border-radius-bottom-right:0px;--awb-border-radius-bottom-left:0px;--awb-padding-top:0px;--awb-padding-right:0px;--awb-padding-bottom:0px;--awb-padding-left:0px;--awb-margin-top:0px;--awb-margin-bottom:0px;--awb-flex-wrap:wrap;\" ><div class=\"fusion-builder-row fusion-row fusion-flex-align-items-center fusion-flex-content-wrap\" style=\"width:104% !important;max-width:104% !important;margin-left: calc(-4% \/ 2 );margin-right: calc(-4% \/ 2 );\"><div class=\"fusion-layout-column fusion_builder_column fusion-builder-column-0 fusion_builder_column_1_1 1_1 fusion-flex-column\" style=\"--awb-padding-top:0px;--awb-padding-right:0px;--awb-padding-bottom:0px;--awb-padding-left:0px;--awb-bg-size:cover;--awb-width-large:100%;--awb-margin-top-large:0px;--awb-spacing-right-large:0px;--awb-margin-bottom-large:0px;--awb-spacing-left-large:0px;--awb-width-medium:100%;--awb-order-medium:0;--awb-spacing-right-medium:0px;--awb-spacing-left-medium:0px;--awb-width-small:100%;--awb-order-small:0;--awb-spacing-right-small:1.92%;--awb-spacing-left-small:1.92%;\"><div class=\"fusion-column-wrapper fusion-column-has-shadow fusion-flex-justify-content-flex-start fusion-content-layout-column\"><div class=\"fusion-menu-anchor\" id=\"introvideo\"><\/div><div class=\"fusion-video fusion-selfhosted-video\" style=\"align-self:center;margin-top:0px;margin-bottom:0px;max-width:100%;\"><div class=\"video-wrapper\"><video playsinline=\"true\" width=\"100%\" style=\"object-fit: cover;\" muted=\"true\" poster=\"https:\/\/www.lesauvage-besancon.fr\/wp-content\/uploads\/2022\/02\/Le_Sauvage_Miniature.png\" preload=\"none\" controls=\"1\"><source src=\"https:\/\/www.lesauvage-besancon.fr\/wp-content\/uploads\/2022\/02\/video-sauvage.mp4\" type=\"video\/mp4\">Sorry, your browser doesn&#039;t support embedded videos.<\/video><\/div><\/div><\/div><\/div><\/div><\/div>\n","protected":false},"excerpt":{"rendered":"","protected":false},"author":1,"featured_media":2391,"parent":0,"menu_order":0,"comment_status":"closed","ping_status":"closed","template":"100-width.php","meta":{"footnotes":""},"class_list":["post-2794","page","type-page","status-publish","has-post-thumbnail","hentry"],"yoast_head":"<!-- This site is optimized with the Yoast SEO plugin v22.9 - https:\/\/yoast.com\/wordpress\/plugins\/seo\/ -->\n<title>LE SAUVAGE, H\u00d4TEL**** RESTAURANT SPA BESAN\u00c7ON<\/title>\n<meta name=\"description\" content=\"H\u00f4tel****, Restaurant et SPA \u00e0 Besan\u00e7on. Un cadre magique, des chambres authentiques, un \u00e9difice historique et un service d\u2019excellence : le Sauvage vous accueille au pied de la Citadelle de Besan\u00e7on pour vous proposer une exp\u00e9rience riche en sens.\" \/>\n<meta name=\"robots\" content=\"index, follow, max-snippet:-1, max-image-preview:large, max-video-preview:-1\" \/>\n<link rel=\"canonical\" href=\"https:\/\/www.lesauvage-besancon.fr\/en\/\" \/>\n<meta property=\"og:locale\" content=\"en_US\" \/>\n<meta property=\"og:type\" content=\"article\" \/>\n<meta property=\"og:title\" content=\"LE SAUVAGE, H\u00d4TEL**** RESTAURANT SPA BESAN\u00c7ON\" \/>\n<meta property=\"og:description\" content=\"H\u00f4tel****, Restaurant et SPA \u00e0 Besan\u00e7on. Un cadre magique, des chambres authentiques, un \u00e9difice historique et un service d\u2019excellence : le Sauvage vous accueille au pied de la Citadelle de Besan\u00e7on pour vous proposer une exp\u00e9rience riche en sens.\" \/>\n<meta property=\"og:url\" content=\"https:\/\/www.lesauvage-besancon.fr\/en\/\" \/>\n<meta property=\"og:site_name\" content=\"Le Sauvage\" \/>\n<meta property=\"article:modified_time\" content=\"2023-04-20T09:36:42+00:00\" \/>\n<meta property=\"og:image\" content=\"https:\/\/www.lesauvage-besancon.fr\/wp-content\/uploads\/2022\/02\/Le_Sauvage_Restaurant_Service_Traiteur_Header-1400.jpg\" \/>\n\t<meta property=\"og:image:width\" content=\"1400\" \/>\n\t<meta property=\"og:image:height\" content=\"824\" \/>\n\t<meta property=\"og:image:type\" content=\"image\/jpeg\" \/>\n<meta name=\"twitter:card\" content=\"summary_large_image\" \/>\n<meta name=\"twitter:label1\" content=\"Est. reading time\" \/>\n\t<meta name=\"twitter:data1\" content=\"2 minutes\" \/>\n<script type=\"application\/ld+json\" class=\"yoast-schema-graph\">{\"@context\":\"https:\/\/schema.org\",\"@graph\":[{\"@type\":\"WebPage\",\"@id\":\"https:\/\/www.lesauvage-besancon.fr\/en\/\",\"url\":\"https:\/\/www.lesauvage-besancon.fr\/en\/\",\"name\":\"LE SAUVAGE, H\u00d4TEL**** RESTAURANT SPA BESAN\u00c7ON\",\"isPartOf\":{\"@id\":\"https:\/\/www.lesauvage-besancon.fr\/#website\"},\"primaryImageOfPage\":{\"@id\":\"https:\/\/www.lesauvage-besancon.fr\/en\/#primaryimage\"},\"image\":{\"@id\":\"https:\/\/www.lesauvage-besancon.fr\/en\/#primaryimage\"},\"thumbnailUrl\":\"https:\/\/www.lesauvage-besancon.fr\/wp-content\/uploads\/2022\/02\/Le_Sauvage_Restaurant_Service_Traiteur_Header-1400.jpg\",\"datePublished\":\"2023-03-30T15:13:55+00:00\",\"dateModified\":\"2023-04-20T09:36:42+00:00\",\"description\":\"H\u00f4tel****, Restaurant et SPA \u00e0 Besan\u00e7on. Un cadre magique, des chambres authentiques, un \u00e9difice historique et un service d\u2019excellence : le Sauvage vous accueille au pied de la Citadelle de Besan\u00e7on pour vous proposer une exp\u00e9rience riche en sens.\",\"breadcrumb\":{\"@id\":\"https:\/\/www.lesauvage-besancon.fr\/en\/#breadcrumb\"},\"inLanguage\":\"en-US\",\"potentialAction\":[{\"@type\":\"ReadAction\",\"target\":[\"https:\/\/www.lesauvage-besancon.fr\/en\/\"]}]},{\"@type\":\"ImageObject\",\"inLanguage\":\"en-US\",\"@id\":\"https:\/\/www.lesauvage-besancon.fr\/en\/#primaryimage\",\"url\":\"https:\/\/www.lesauvage-besancon.fr\/wp-content\/uploads\/2022\/02\/Le_Sauvage_Restaurant_Service_Traiteur_Header-1400.jpg\",\"contentUrl\":\"https:\/\/www.lesauvage-besancon.fr\/wp-content\/uploads\/2022\/02\/Le_Sauvage_Restaurant_Service_Traiteur_Header-1400.jpg\",\"width\":1400,\"height\":824},{\"@type\":\"BreadcrumbList\",\"@id\":\"https:\/\/www.lesauvage-besancon.fr\/en\/#breadcrumb\",\"itemListElement\":[{\"@type\":\"ListItem\",\"position\":1,\"name\":\"Accueil\",\"item\":\"https:\/\/www.lesauvage-besancon.fr\/en\/\"},{\"@type\":\"ListItem\",\"position\":2,\"name\":\"Home\"}]},{\"@type\":\"WebSite\",\"@id\":\"https:\/\/www.lesauvage-besancon.fr\/#website\",\"url\":\"https:\/\/www.lesauvage-besancon.fr\/\",\"name\":\"Le Sauvage\",\"description\":\"H\u00f4tel - Restaurant - SPA\",\"potentialAction\":[{\"@type\":\"SearchAction\",\"target\":{\"@type\":\"EntryPoint\",\"urlTemplate\":\"https:\/\/www.lesauvage-besancon.fr\/?s={search_term_string}\"},\"query-input\":\"required name=search_term_string\"}],\"inLanguage\":\"en-US\"}]}<\/script>\n<!-- \/ Yoast SEO plugin. -->","yoast_head_json":{"title":"LE SAUVAGE, H\u00d4TEL**** RESTAURANT SPA BESAN\u00c7ON","description":"H\u00f4tel****, Restaurant et SPA \u00e0 Besan\u00e7on. Un cadre magique, des chambres authentiques, un \u00e9difice historique et un service d\u2019excellence : le Sauvage vous accueille au pied de la Citadelle de Besan\u00e7on pour vous proposer une exp\u00e9rience riche en sens.","robots":{"index":"index","follow":"follow","max-snippet":"max-snippet:-1","max-image-preview":"max-image-preview:large","max-video-preview":"max-video-preview:-1"},"canonical":"https:\/\/www.lesauvage-besancon.fr\/en\/","og_locale":"en_US","og_type":"article","og_title":"LE SAUVAGE, H\u00d4TEL**** RESTAURANT SPA BESAN\u00c7ON","og_description":"H\u00f4tel****, Restaurant et SPA \u00e0 Besan\u00e7on. Un cadre magique, des chambres authentiques, un \u00e9difice historique et un service d\u2019excellence : le Sauvage vous accueille au pied de la Citadelle de Besan\u00e7on pour vous proposer une exp\u00e9rience riche en sens.","og_url":"https:\/\/www.lesauvage-besancon.fr\/en\/","og_site_name":"Le Sauvage","article_modified_time":"2023-04-20T09:36:42+00:00","og_image":[{"width":1400,"height":824,"url":"https:\/\/www.lesauvage-besancon.fr\/wp-content\/uploads\/2022\/02\/Le_Sauvage_Restaurant_Service_Traiteur_Header-1400.jpg","type":"image\/jpeg"}],"twitter_card":"summary_large_image","twitter_misc":{"Est. reading time":"2 minutes"},"schema":{"@context":"https:\/\/schema.org","@graph":[{"@type":"WebPage","@id":"https:\/\/www.lesauvage-besancon.fr\/en\/","url":"https:\/\/www.lesauvage-besancon.fr\/en\/","name":"LE SAUVAGE, H\u00d4TEL**** RESTAURANT SPA BESAN\u00c7ON","isPartOf":{"@id":"https:\/\/www.lesauvage-besancon.fr\/#website"},"primaryImageOfPage":{"@id":"https:\/\/www.lesauvage-besancon.fr\/en\/#primaryimage"},"image":{"@id":"https:\/\/www.lesauvage-besancon.fr\/en\/#primaryimage"},"thumbnailUrl":"https:\/\/www.lesauvage-besancon.fr\/wp-content\/uploads\/2022\/02\/Le_Sauvage_Restaurant_Service_Traiteur_Header-1400.jpg","datePublished":"2023-03-30T15:13:55+00:00","dateModified":"2023-04-20T09:36:42+00:00","description":"H\u00f4tel****, Restaurant et SPA \u00e0 Besan\u00e7on. Un cadre magique, des chambres authentiques, un \u00e9difice historique et un service d\u2019excellence : le Sauvage vous accueille au pied de la Citadelle de Besan\u00e7on pour vous proposer une exp\u00e9rience riche en sens.","breadcrumb":{"@id":"https:\/\/www.lesauvage-besancon.fr\/en\/#breadcrumb"},"inLanguage":"en-US","potentialAction":[{"@type":"ReadAction","target":["https:\/\/www.lesauvage-besancon.fr\/en\/"]}]},{"@type":"ImageObject","inLanguage":"en-US","@id":"https:\/\/www.lesauvage-besancon.fr\/en\/#primaryimage","url":"https:\/\/www.lesauvage-besancon.fr\/wp-content\/uploads\/2022\/02\/Le_Sauvage_Restaurant_Service_Traiteur_Header-1400.jpg","contentUrl":"https:\/\/www.lesauvage-besancon.fr\/wp-content\/uploads\/2022\/02\/Le_Sauvage_Restaurant_Service_Traiteur_Header-1400.jpg","width":1400,"height":824},{"@type":"BreadcrumbList","@id":"https:\/\/www.lesauvage-besancon.fr\/en\/#breadcrumb","itemListElement":[{"@type":"ListItem","position":1,"name":"Accueil","item":"https:\/\/www.lesauvage-besancon.fr\/en\/"},{"@type":"ListItem","position":2,"name":"Home"}]},{"@type":"WebSite","@id":"https:\/\/www.lesauvage-besancon.fr\/#website","url":"https:\/\/www.lesauvage-besancon.fr\/","name":"Le Sauvage","description":"H\u00f4tel - Restaurant - SPA","potentialAction":[{"@type":"SearchAction","target":{"@type":"EntryPoint","urlTemplate":"https:\/\/www.lesauvage-besancon.fr\/?s={search_term_string}"},"query-input":"required name=search_term_string"}],"inLanguage":"en-US"}]}},"_links":{"self":[{"href":"https:\/\/www.lesauvage-besancon.fr\/en\/wp-json\/wp\/v2\/pages\/2794","targetHints":{"allow":["GET"]}}],"collection":[{"href":"https:\/\/www.lesauvage-besancon.fr\/en\/wp-json\/wp\/v2\/pages"}],"about":[{"href":"https:\/\/www.lesauvage-besancon.fr\/en\/wp-json\/wp\/v2\/types\/page"}],"author":[{"embeddable":true,"href":"https:\/\/www.lesauvage-besancon.fr\/en\/wp-json\/wp\/v2\/users\/1"}],"replies":[{"embeddable":true,"href":"https:\/\/www.lesauvage-besancon.fr\/en\/wp-json\/wp\/v2\/comments?post=2794"}],"version-history":[{"count":7,"href":"https:\/\/www.lesauvage-besancon.fr\/en\/wp-json\/wp\/v2\/pages\/2794\/revisions"}],"predecessor-version":[{"id":2897,"href":"https:\/\/www.lesauvage-besancon.fr\/en\/wp-json\/wp\/v2\/pages\/2794\/revisions\/2897"}],"wp:featuredmedia":[{"embeddable":true,"href":"https:\/\/www.lesauvage-besancon.fr\/en\/wp-json\/wp\/v2\/media\/2391"}],"wp:attachment":[{"href":"https:\/\/www.lesauvage-besancon.fr\/en\/wp-json\/wp\/v2\/media?parent=2794"}],"curies":[{"name":"wp","href":"https:\/\/api.w.org\/{rel}","templated":true}]}}